{"id":636,"date":"2022-03-15T12:15:19","date_gmt":"2022-03-15T11:15:19","guid":{"rendered":"http:\/\/localhost\/wordpress\/?page_id=636"},"modified":"2024-08-29T08:24:55","modified_gmt":"2024-08-29T06:24:55","slug":"philosophie","status":"publish","type":"page","link":"https:\/\/tscorporationgroup.com\/en\/philosophie\/","title":{"rendered":"Philosophy"},"content":{"rendered":"<div data-elementor-type=\"wp-page\" data-elementor-id=\"636\" class=\"elementor elementor-636\" data-elementor-settings=\"[]\">\n\t\t\t\t\t\t\t<div class=\"elementor-section-wrap\">\n\t\t\t\t\t\t\t<section class=\"elementor-section elementor-top-section elementor-element elementor-element-967526f elementor-section-boxed elementor-section-height-default elementor-section-height-default\" data-id=\"967526f\" data-element_type=\"section\">\n\t\t\t\t\t\t<div class=\"elementor-container elementor-column-gap-default\">\n\t\t\t\t\t<div class=\"elementor-column elementor-col-100 elementor-top-column elementor-element elementor-element-4144662\" data-id=\"4144662\" data-element_type=\"column\">\n\t\t\t<div class=\"elementor-widget-wrap elementor-element-populated\">\n\t\t\t\t\t\t\t\t<div class=\"elementor-element elementor-element-3289782 elementor-widget elementor-widget-heading\" data-id=\"3289782\" data-element_type=\"widget\" data-widget_type=\"heading.default\">\n\t\t\t\t<div class=\"elementor-widget-container\">\n\t\t\t<h2 class=\"elementor-heading-title elementor-size-default\">Who we are ?<\/h2>\t\t<\/div>\n\t\t\t\t<\/div>\n\t\t\t\t<div class=\"elementor-element elementor-element-d86308e oew-divider-center elementor-widget elementor-widget-oew-divider\" data-id=\"d86308e\" data-element_type=\"widget\" data-widget_type=\"oew-divider.default\">\n\t\t\t\t<div class=\"elementor-widget-container\">\n\t\t\t\n\t\t<div class=\"oew-divider-wrap\">\n\t\t\t<div class=\"oew-divider oew-divider-before\"><\/div>\n\t\t\t<div class=\"oew-divider-middle\">\n\t\t\t\t<i aria-hidden=\"true\" class=\"fas fa-star\"><\/i>\t\t\t<\/div>\n\t\t\t<div class=\"oew-divider oew-divider-after\"><\/div>\n\t\t<\/div>\n\n\t\t\t<\/div>\n\t\t\t\t<\/div>\n\t\t\t\t<section class=\"elementor-section elementor-inner-section elementor-element elementor-element-41363dd elementor-section-boxed elementor-section-height-default elementor-section-height-default\" data-id=\"41363dd\" data-element_type=\"section\">\n\t\t\t\t\t\t<div class=\"elementor-container elementor-column-gap-default\">\n\t\t\t\t\t<div class=\"elementor-column elementor-col-50 elementor-inner-column elementor-element elementor-element-82d1f8a\" data-id=\"82d1f8a\" data-element_type=\"column\">\n\t\t\t<div class=\"elementor-widget-wrap elementor-element-populated\">\n\t\t\t\t\t\t\t\t<div class=\"elementor-element elementor-element-0217598 elementor-widget elementor-widget-image\" data-id=\"0217598\" data-element_type=\"widget\" data-widget_type=\"image.default\">\n\t\t\t\t<div class=\"elementor-widget-container\">\n\t\t\t\t\t\t\t\t\t\t\t\t\t\t\t<img loading=\"lazy\" decoding=\"async\" width=\"768\" height=\"576\" src=\"https:\/\/tscorporationgroup.com\/wp-content\/uploads\/2022\/04\/IMG_9467-768x576.jpg\" class=\"attachment-medium_large size-medium_large\" alt=\"\" srcset=\"https:\/\/tscorporationgroup.com\/wp-content\/uploads\/2022\/04\/IMG_9467-768x576.jpg 768w, https:\/\/tscorporationgroup.com\/wp-content\/uploads\/2022\/04\/IMG_9467-300x225.jpg 300w, https:\/\/tscorporationgroup.com\/wp-content\/uploads\/2022\/04\/IMG_9467-1024x768.jpg 1024w, https:\/\/tscorporationgroup.com\/wp-content\/uploads\/2022\/04\/IMG_9467-1536x1152.jpg 1536w, https:\/\/tscorporationgroup.com\/wp-content\/uploads\/2022\/04\/IMG_9467-2048x1536.jpg 2048w\" sizes=\"auto, (max-width: 768px) 100vw, 768px\" \/>\t\t\t\t\t\t\t\t\t\t\t\t\t\t\t<\/div>\n\t\t\t\t<\/div>\n\t\t\t\t\t<\/div>\n\t\t<\/div>\n\t\t\t\t<div class=\"elementor-column elementor-col-50 elementor-inner-column elementor-element elementor-element-c047568\" data-id=\"c047568\" data-element_type=\"column\">\n\t\t\t<div class=\"elementor-widget-wrap elementor-element-populated\">\n\t\t\t\t\t\t\t\t<div class=\"elementor-element elementor-element-8851c89 elementor-widget elementor-widget-text-editor\" data-id=\"8851c89\" data-element_type=\"widget\" data-widget_type=\"text-editor.default\">\n\t\t\t\t<div class=\"elementor-widget-container\">\n\t\t\t\t\t\t\t\t<p>T\u2019S CORPORATION est une soci\u00e9t\u00e9 \u00e0 capitaux camerounais cr\u00e9\u00e9e en 2020.<\/p><p>Nous accompagnons les entreprises dans leur d\u00e9veloppement par des participations dans leur capital, et en leur apportant l\u2019assistance n\u00e9cessaire dans la gestion.<\/p><p>Le d\u00e9vouement, l\u2019int\u00e9grit\u00e9, le professionnalisme, l\u2019efficacit\u00e9 font partie de notre ADN. Le soucis du client est une habitude chez nous, sa satisfaction est notre id\u00e9al.<\/p>\t\t\t\t\t\t<\/div>\n\t\t\t\t<\/div>\n\t\t\t\t\t<\/div>\n\t\t<\/div>\n\t\t\t\t\t\t\t<\/div>\n\t\t<\/section>\n\t\t\t\t\t<\/div>\n\t\t<\/div>\n\t\t\t\t\t\t\t<\/div>\n\t\t<\/section>\n\t\t\t\t<section class=\"elementor-section elementor-top-section elementor-element elementor-element-723cc48 elementor-section-boxed elementor-section-height-default elementor-section-height-default\" data-id=\"723cc48\" data-element_type=\"section\">\n\t\t\t\t\t\t<div class=\"elementor-container elementor-column-gap-default\">\n\t\t\t\t\t<div class=\"elementor-column elementor-col-100 elementor-top-column elementor-element elementor-element-115f107\" data-id=\"115f107\" data-element_type=\"column\">\n\t\t\t<div class=\"elementor-widget-wrap elementor-element-populated\">\n\t\t\t\t\t\t\t\t<div class=\"elementor-element elementor-element-0a40d2d elementor-widget elementor-widget-spacer\" data-id=\"0a40d2d\" data-element_type=\"widget\" data-widget_type=\"spacer.default\">\n\t\t\t\t<div class=\"elementor-widget-container\">\n\t\t\t\t\t<div class=\"elementor-spacer\">\n\t\t\t<div class=\"elementor-spacer-inner\"><\/div>\n\t\t<\/div>\n\t\t\t\t<\/div>\n\t\t\t\t<\/div>\n\t\t\t\t\t<\/div>\n\t\t<\/div>\n\t\t\t\t\t\t\t<\/div>\n\t\t<\/section>\n\t\t\t\t<section class=\"elementor-section elementor-top-section elementor-element elementor-element-ba400d4 elementor-section-stretched elementor-section-boxed elementor-section-height-default elementor-section-height-default\" data-id=\"ba400d4\" data-element_type=\"section\" data-settings=\"{&quot;stretch_section&quot;:&quot;section-stretched&quot;,&quot;background_background&quot;:&quot;classic&quot;,&quot;shape_divider_top&quot;:&quot;opacity-tilt&quot;}\">\n\t\t\t\t\t<div class=\"elementor-shape elementor-shape-top\" data-negative=\"false\">\n\t\t\t<svg xmlns=\"http:\/\/www.w3.org\/2000\/svg\" viewbox=\"0 0 2600 131.1\" preserveaspectratio=\"none\">\n\t<path class=\"elementor-shape-fill\" d=\"M0 0L2600 0 2600 69.1 0 0z\"\/>\n\t<path class=\"elementor-shape-fill\" style=\"opacity:0.5\" d=\"M0 0L2600 0 2600 69.1 0 69.1z\"\/>\n\t<path class=\"elementor-shape-fill\" style=\"opacity:0.25\" d=\"M2600 0L0 0 0 130.1 2600 69.1z\"\/>\n<\/svg>\t\t<\/div>\n\t\t\t\t\t<div class=\"elementor-container elementor-column-gap-default\">\n\t\t\t\t\t<div class=\"elementor-column elementor-col-100 elementor-top-column elementor-element elementor-element-a1bebea\" data-id=\"a1bebea\" data-element_type=\"column\">\n\t\t\t<div class=\"elementor-widget-wrap elementor-element-populated\">\n\t\t\t\t\t\t\t\t<div class=\"elementor-element elementor-element-816a720 elementor-widget elementor-widget-spacer\" data-id=\"816a720\" data-element_type=\"widget\" data-widget_type=\"spacer.default\">\n\t\t\t\t<div class=\"elementor-widget-container\">\n\t\t\t\t\t<div class=\"elementor-spacer\">\n\t\t\t<div class=\"elementor-spacer-inner\"><\/div>\n\t\t<\/div>\n\t\t\t\t<\/div>\n\t\t\t\t<\/div>\n\t\t\t\t<div class=\"elementor-element elementor-element-b5ed19b elementor-widget elementor-widget-spacer\" data-id=\"b5ed19b\" data-element_type=\"widget\" data-widget_type=\"spacer.default\">\n\t\t\t\t<div class=\"elementor-widget-container\">\n\t\t\t\t\t<div class=\"elementor-spacer\">\n\t\t\t<div class=\"elementor-spacer-inner\"><\/div>\n\t\t<\/div>\n\t\t\t\t<\/div>\n\t\t\t\t<\/div>\n\t\t\t\t<div class=\"elementor-element elementor-element-8330293 elementor-widget elementor-widget-heading\" data-id=\"8330293\" data-element_type=\"widget\" data-widget_type=\"heading.default\">\n\t\t\t\t<div class=\"elementor-widget-container\">\n\t\t\t<h2 class=\"elementor-heading-title elementor-size-default\">Our Values<\/h2>\t\t<\/div>\n\t\t\t\t<\/div>\n\t\t\t\t<div class=\"elementor-element elementor-element-42a97b6 oew-divider-center elementor-widget elementor-widget-oew-divider\" data-id=\"42a97b6\" data-element_type=\"widget\" data-widget_type=\"oew-divider.default\">\n\t\t\t\t<div class=\"elementor-widget-container\">\n\t\t\t\n\t\t<div class=\"oew-divider-wrap\">\n\t\t\t<div class=\"oew-divider oew-divider-before\"><\/div>\n\t\t\t<div class=\"oew-divider-middle\">\n\t\t\t\t<i aria-hidden=\"true\" class=\"fas fa-star\"><\/i>\t\t\t<\/div>\n\t\t\t<div class=\"oew-divider oew-divider-after\"><\/div>\n\t\t<\/div>\n\n\t\t\t<\/div>\n\t\t\t\t<\/div>\n\t\t\t\t<div class=\"elementor-element elementor-element-7c6eba0 elementor-widget elementor-widget-spacer\" data-id=\"7c6eba0\" data-element_type=\"widget\" data-widget_type=\"spacer.default\">\n\t\t\t\t<div class=\"elementor-widget-container\">\n\t\t\t\t\t<div class=\"elementor-spacer\">\n\t\t\t<div class=\"elementor-spacer-inner\"><\/div>\n\t\t<\/div>\n\t\t\t\t<\/div>\n\t\t\t\t<\/div>\n\t\t\t\t\t<\/div>\n\t\t<\/div>\n\t\t\t\t\t\t\t<\/div>\n\t\t<\/section>\n\t\t\t\t<section class=\"elementor-section elementor-top-section elementor-element elementor-element-066479a elementor-section-stretched elementor-section-boxed elementor-section-height-default elementor-section-height-default\" data-id=\"066479a\" data-element_type=\"section\" data-settings=\"{&quot;stretch_section&quot;:&quot;section-stretched&quot;,&quot;background_background&quot;:&quot;classic&quot;}\">\n\t\t\t\t\t\t<div class=\"elementor-container elementor-column-gap-default\">\n\t\t\t\t\t<div class=\"elementor-column elementor-col-33 elementor-top-column elementor-element elementor-element-dde0b55\" data-id=\"dde0b55\" data-element_type=\"column\">\n\t\t\t<div class=\"elementor-widget-wrap elementor-element-populated\">\n\t\t\t\t\t\t\t\t<div class=\"elementor-element elementor-element-7e9783e elementor-view-default elementor-widget elementor-widget-icon\" data-id=\"7e9783e\" data-element_type=\"widget\" data-widget_type=\"icon.default\">\n\t\t\t\t<div class=\"elementor-widget-container\">\n\t\t\t\t\t<div class=\"elementor-icon-wrapper\">\n\t\t\t<div class=\"elementor-icon\">\n\t\t\t<i aria-hidden=\"true\" class=\"fas fa-assistive-listening-systems\"><\/i>\t\t\t<\/div>\n\t\t<\/div>\n\t\t\t\t<\/div>\n\t\t\t\t<\/div>\n\t\t\t\t<div class=\"elementor-element elementor-element-3609d5e elementor-widget elementor-widget-heading\" data-id=\"3609d5e\" data-element_type=\"widget\" data-widget_type=\"heading.default\">\n\t\t\t\t<div class=\"elementor-widget-container\">\n\t\t\t<h2 class=\"elementor-heading-title elementor-size-default\"><b>Listen<\/b><\/h2>\t\t<\/div>\n\t\t\t\t<\/div>\n\t\t\t\t<div class=\"elementor-element elementor-element-18e5db5 elementor-widget elementor-widget-heading\" data-id=\"18e5db5\" data-element_type=\"widget\" data-widget_type=\"heading.default\">\n\t\t\t\t<div class=\"elementor-widget-container\">\n\t\t\t<h2 class=\"elementor-heading-title elementor-size-default\">We listen to the needs of our respective customers to ensure maximum satisfaction. Thus, to better accompany you <\/h2>\t\t<\/div>\n\t\t\t\t<\/div>\n\t\t\t\t\t<\/div>\n\t\t<\/div>\n\t\t\t\t<div class=\"elementor-column elementor-col-33 elementor-top-column elementor-element elementor-element-025b47b\" data-id=\"025b47b\" data-element_type=\"column\">\n\t\t\t<div class=\"elementor-widget-wrap elementor-element-populated\">\n\t\t\t\t\t\t\t\t<div class=\"elementor-element elementor-element-6fa85f3 elementor-view-default elementor-widget elementor-widget-icon\" data-id=\"6fa85f3\" data-element_type=\"widget\" data-widget_type=\"icon.default\">\n\t\t\t\t<div class=\"elementor-widget-container\">\n\t\t\t\t\t<div class=\"elementor-icon-wrapper\">\n\t\t\t<div class=\"elementor-icon\">\n\t\t\t<i aria-hidden=\"true\" class=\"fas fa-puzzle-piece\"><\/i>\t\t\t<\/div>\n\t\t<\/div>\n\t\t\t\t<\/div>\n\t\t\t\t<\/div>\n\t\t\t\t<div class=\"elementor-element elementor-element-3574c36 elementor-widget elementor-widget-heading\" data-id=\"3574c36\" data-element_type=\"widget\" data-widget_type=\"heading.default\">\n\t\t\t\t<div class=\"elementor-widget-container\">\n\t\t\t<h2 class=\"elementor-heading-title elementor-size-default\">Solution<\/h2>\t\t<\/div>\n\t\t\t\t<\/div>\n\t\t\t\t<div class=\"elementor-element elementor-element-028b99d elementor-widget elementor-widget-heading\" data-id=\"028b99d\" data-element_type=\"widget\" data-widget_type=\"heading.default\">\n\t\t\t\t<div class=\"elementor-widget-container\">\n\t\t\t<h2 class=\"elementor-heading-title elementor-size-default\">We help you find and implement innovative tools and solutions adapted to your needs.<\/h2>\t\t<\/div>\n\t\t\t\t<\/div>\n\t\t\t\t\t<\/div>\n\t\t<\/div>\n\t\t\t\t<div class=\"elementor-column elementor-col-33 elementor-top-column elementor-element elementor-element-89a858a\" data-id=\"89a858a\" data-element_type=\"column\">\n\t\t\t<div class=\"elementor-widget-wrap elementor-element-populated\">\n\t\t\t\t\t\t\t\t<div class=\"elementor-element elementor-element-65314e5 elementor-view-default elementor-widget elementor-widget-icon\" data-id=\"65314e5\" data-element_type=\"widget\" data-widget_type=\"icon.default\">\n\t\t\t\t<div class=\"elementor-widget-container\">\n\t\t\t\t\t<div class=\"elementor-icon-wrapper\">\n\t\t\t<div class=\"elementor-icon\">\n\t\t\t<i aria-hidden=\"true\" class=\"fas fa-tools\"><\/i>\t\t\t<\/div>\n\t\t<\/div>\n\t\t\t\t<\/div>\n\t\t\t\t<\/div>\n\t\t\t\t<div class=\"elementor-element elementor-element-cdef5d9 elementor-widget elementor-widget-heading\" data-id=\"cdef5d9\" data-element_type=\"widget\" data-widget_type=\"heading.default\">\n\t\t\t\t<div class=\"elementor-widget-container\">\n\t\t\t<h2 class=\"elementor-heading-title elementor-size-default\">Professionalism<\/h2>\t\t<\/div>\n\t\t\t\t<\/div>\n\t\t\t\t<div class=\"elementor-element elementor-element-cad1b9a elementor-widget elementor-widget-heading\" data-id=\"cad1b9a\" data-element_type=\"widget\" data-widget_type=\"heading.default\">\n\t\t\t\t<div class=\"elementor-widget-container\">\n\t\t\t<h2 class=\"elementor-heading-title elementor-size-default\">T'S Corporation is also qualified and dynamic teams at your service in order to ensure the realization of your activities<\/h2>\t\t<\/div>\n\t\t\t\t<\/div>\n\t\t\t\t\t<\/div>\n\t\t<\/div>\n\t\t\t\t\t\t\t<\/div>\n\t\t<\/section>\n\t\t\t\t<section class=\"elementor-section elementor-top-section elementor-element elementor-element-2aee311 elementor-section-stretched elementor-section-boxed elementor-section-height-default elementor-section-height-default\" data-id=\"2aee311\" data-element_type=\"section\" data-settings=\"{&quot;background_background&quot;:&quot;classic&quot;,&quot;stretch_section&quot;:&quot;section-stretched&quot;}\">\n\t\t\t\t\t\t<div class=\"elementor-container elementor-column-gap-default\">\n\t\t\t\t\t<div class=\"elementor-column elementor-col-100 elementor-top-column elementor-element elementor-element-b4871db\" data-id=\"b4871db\" data-element_type=\"column\">\n\t\t\t<div class=\"elementor-widget-wrap elementor-element-populated\">\n\t\t\t\t\t\t\t\t<div class=\"elementor-element elementor-element-d50ee49 elementor-widget elementor-widget-spacer\" data-id=\"d50ee49\" data-element_type=\"widget\" data-widget_type=\"spacer.default\">\n\t\t\t\t<div class=\"elementor-widget-container\">\n\t\t\t\t\t<div class=\"elementor-spacer\">\n\t\t\t<div class=\"elementor-spacer-inner\"><\/div>\n\t\t<\/div>\n\t\t\t\t<\/div>\n\t\t\t\t<\/div>\n\t\t\t\t\t<\/div>\n\t\t<\/div>\n\t\t\t\t\t\t\t<\/div>\n\t\t<\/section>\n\t\t\t\t\t\t<\/div>\n\t\t\t\t\t<\/div>","protected":false},"excerpt":{"rendered":"<p>Qui sommes nous ? T\u2019S CORPORATION est une soci\u00e9t\u00e9 \u00e0 capitaux camerounais cr\u00e9\u00e9e en 2020. Nous accompagnons les entreprises dans leur d\u00e9veloppement par des participations dans leur capital, et en leur apportant l\u2019assistance n\u00e9cessaire dans la gestion. Le d\u00e9vouement, l\u2019int\u00e9grit\u00e9, le professionnalisme, l\u2019efficacit\u00e9 font partie de notre ADN. Le soucis du client est une habitude [&hellip;]<\/p>","protected":false},"author":1,"featured_media":0,"parent":0,"menu_order":0,"comment_status":"closed","ping_status":"closed","template":"","meta":{"footnotes":""},"class_list":["post-636","page","type-page","status-publish","hentry","entry"],"yoast_head":"<!-- This site is optimized with the Yoast SEO plugin v19.3 - https:\/\/yoast.com\/wordpress\/plugins\/seo\/ -->\n<title>Philosophie - T&#039;S CORPORATION GROUP SA<\/title>\n<meta name=\"robots\" content=\"index, follow, max-snippet:-1, max-image-preview:large, max-video-preview:-1\" \/>\n<link rel=\"canonical\" href=\"https:\/\/tscorporationgroup.com\/en\/philosophie\/\" \/>\n<meta property=\"og:locale\" content=\"en_US\" \/>\n<meta property=\"og:type\" content=\"article\" \/>\n<meta property=\"og:title\" content=\"Philosophie - T&#039;S CORPORATION GROUP SA\" \/>\n<meta property=\"og:description\" content=\"Qui sommes nous ? T\u2019S CORPORATION est une soci\u00e9t\u00e9 \u00e0 capitaux camerounais cr\u00e9\u00e9e en 2020. Nous accompagnons les entreprises dans leur d\u00e9veloppement par des participations dans leur capital, et en leur apportant l\u2019assistance n\u00e9cessaire dans la gestion. Le d\u00e9vouement, l\u2019int\u00e9grit\u00e9, le professionnalisme, l\u2019efficacit\u00e9 font partie de notre ADN. Le soucis du client est une habitude [&hellip;]\" \/>\n<meta property=\"og:url\" content=\"https:\/\/tscorporationgroup.com\/en\/philosophie\/\" \/>\n<meta property=\"og:site_name\" content=\"T&#039;S CORPORATION GROUP SA\" \/>\n<meta property=\"article:modified_time\" content=\"2024-08-29T06:24:55+00:00\" \/>\n<meta property=\"og:image\" content=\"https:\/\/tscorporationgroup.com\/wp-content\/uploads\/2022\/04\/IMG_9467-768x576.jpg\" \/>\n<meta name=\"twitter:card\" content=\"summary_large_image\" \/>\n<meta name=\"twitter:label1\" content=\"Est. reading time\" \/>\n\t<meta name=\"twitter:data1\" content=\"1 minute\" \/>\n<script type=\"application\/ld+json\" class=\"yoast-schema-graph\">{\"@context\":\"https:\/\/schema.org\",\"@graph\":[{\"@type\":\"Organization\",\"@id\":\"https:\/\/tscorporationgroup.com\/#organization\",\"name\":\"T'S CORPORATION\",\"url\":\"https:\/\/tscorporationgroup.com\/\",\"sameAs\":[],\"logo\":{\"@type\":\"ImageObject\",\"inLanguage\":\"en-US\",\"@id\":\"https:\/\/tscorporationgroup.com\/#\/schema\/logo\/image\/\",\"url\":\"https:\/\/tscorporationgroup.com\/wp-content\/uploads\/2022\/04\/TS_Logo_png.png\",\"contentUrl\":\"https:\/\/tscorporationgroup.com\/wp-content\/uploads\/2022\/04\/TS_Logo_png.png\",\"width\":1809,\"height\":476,\"caption\":\"T'S CORPORATION\"},\"image\":{\"@id\":\"https:\/\/tscorporationgroup.com\/#\/schema\/logo\/image\/\"}},{\"@type\":\"WebSite\",\"@id\":\"https:\/\/tscorporationgroup.com\/#website\",\"url\":\"https:\/\/tscorporationgroup.com\/\",\"name\":\"T&#039;S CORPORATION GROUP SA\",\"description\":\"\",\"publisher\":{\"@id\":\"https:\/\/tscorporationgroup.com\/#organization\"},\"potentialAction\":[{\"@type\":\"SearchAction\",\"target\":{\"@type\":\"EntryPoint\",\"urlTemplate\":\"https:\/\/tscorporationgroup.com\/?s={search_term_string}\"},\"query-input\":\"required name=search_term_string\"}],\"inLanguage\":\"en-US\"},{\"@type\":\"ImageObject\",\"inLanguage\":\"en-US\",\"@id\":\"https:\/\/tscorporationgroup.com\/philosophie\/#primaryimage\",\"url\":\"https:\/\/tscorporationgroup.com\/wp-content\/uploads\/2022\/04\/IMG_9467-768x576.jpg\",\"contentUrl\":\"https:\/\/tscorporationgroup.com\/wp-content\/uploads\/2022\/04\/IMG_9467-768x576.jpg\"},{\"@type\":\"WebPage\",\"@id\":\"https:\/\/tscorporationgroup.com\/philosophie\/\",\"url\":\"https:\/\/tscorporationgroup.com\/philosophie\/\",\"name\":\"Philosophie - T&#039;S CORPORATION GROUP SA\",\"isPartOf\":{\"@id\":\"https:\/\/tscorporationgroup.com\/#website\"},\"primaryImageOfPage\":{\"@id\":\"https:\/\/tscorporationgroup.com\/philosophie\/#primaryimage\"},\"datePublished\":\"2022-03-15T11:15:19+00:00\",\"dateModified\":\"2024-08-29T06:24:55+00:00\",\"breadcrumb\":{\"@id\":\"https:\/\/tscorporationgroup.com\/philosophie\/#breadcrumb\"},\"inLanguage\":\"en-US\",\"potentialAction\":[{\"@type\":\"ReadAction\",\"target\":[\"https:\/\/tscorporationgroup.com\/philosophie\/\"]}]},{\"@type\":\"BreadcrumbList\",\"@id\":\"https:\/\/tscorporationgroup.com\/philosophie\/#breadcrumb\",\"itemListElement\":[{\"@type\":\"ListItem\",\"position\":1,\"name\":\"Accueil\",\"item\":\"https:\/\/tscorporationgroup.com\/\"},{\"@type\":\"ListItem\",\"position\":2,\"name\":\"Philosophie\"}]}]}<\/script>\n<!-- \/ Yoast SEO plugin. -->","yoast_head_json":{"title":"Philosophie - T&#039;S CORPORATION GROUP SA","robots":{"index":"index","follow":"follow","max-snippet":"max-snippet:-1","max-image-preview":"max-image-preview:large","max-video-preview":"max-video-preview:-1"},"canonical":"https:\/\/tscorporationgroup.com\/en\/philosophie\/","og_locale":"en_US","og_type":"article","og_title":"Philosophie - T&#039;S CORPORATION GROUP SA","og_description":"Qui sommes nous ? T\u2019S CORPORATION est une soci\u00e9t\u00e9 \u00e0 capitaux camerounais cr\u00e9\u00e9e en 2020. Nous accompagnons les entreprises dans leur d\u00e9veloppement par des participations dans leur capital, et en leur apportant l\u2019assistance n\u00e9cessaire dans la gestion. Le d\u00e9vouement, l\u2019int\u00e9grit\u00e9, le professionnalisme, l\u2019efficacit\u00e9 font partie de notre ADN. Le soucis du client est une habitude [&hellip;]","og_url":"https:\/\/tscorporationgroup.com\/en\/philosophie\/","og_site_name":"T&#039;S CORPORATION GROUP SA","article_modified_time":"2024-08-29T06:24:55+00:00","og_image":[{"url":"https:\/\/tscorporationgroup.com\/wp-content\/uploads\/2022\/04\/IMG_9467-768x576.jpg"}],"twitter_card":"summary_large_image","twitter_misc":{"Est. reading time":"1 minute"},"schema":{"@context":"https:\/\/schema.org","@graph":[{"@type":"Organization","@id":"https:\/\/tscorporationgroup.com\/#organization","name":"T'S CORPORATION","url":"https:\/\/tscorporationgroup.com\/","sameAs":[],"logo":{"@type":"ImageObject","inLanguage":"en-US","@id":"https:\/\/tscorporationgroup.com\/#\/schema\/logo\/image\/","url":"https:\/\/tscorporationgroup.com\/wp-content\/uploads\/2022\/04\/TS_Logo_png.png","contentUrl":"https:\/\/tscorporationgroup.com\/wp-content\/uploads\/2022\/04\/TS_Logo_png.png","width":1809,"height":476,"caption":"T'S CORPORATION"},"image":{"@id":"https:\/\/tscorporationgroup.com\/#\/schema\/logo\/image\/"}},{"@type":"WebSite","@id":"https:\/\/tscorporationgroup.com\/#website","url":"https:\/\/tscorporationgroup.com\/","name":"T&#039;S CORPORATION GROUP SA","description":"","publisher":{"@id":"https:\/\/tscorporationgroup.com\/#organization"},"potentialAction":[{"@type":"SearchAction","target":{"@type":"EntryPoint","urlTemplate":"https:\/\/tscorporationgroup.com\/?s={search_term_string}"},"query-input":"required name=search_term_string"}],"inLanguage":"en-US"},{"@type":"ImageObject","inLanguage":"en-US","@id":"https:\/\/tscorporationgroup.com\/philosophie\/#primaryimage","url":"https:\/\/tscorporationgroup.com\/wp-content\/uploads\/2022\/04\/IMG_9467-768x576.jpg","contentUrl":"https:\/\/tscorporationgroup.com\/wp-content\/uploads\/2022\/04\/IMG_9467-768x576.jpg"},{"@type":"WebPage","@id":"https:\/\/tscorporationgroup.com\/philosophie\/","url":"https:\/\/tscorporationgroup.com\/philosophie\/","name":"Philosophie - T&#039;S CORPORATION GROUP SA","isPartOf":{"@id":"https:\/\/tscorporationgroup.com\/#website"},"primaryImageOfPage":{"@id":"https:\/\/tscorporationgroup.com\/philosophie\/#primaryimage"},"datePublished":"2022-03-15T11:15:19+00:00","dateModified":"2024-08-29T06:24:55+00:00","breadcrumb":{"@id":"https:\/\/tscorporationgroup.com\/philosophie\/#breadcrumb"},"inLanguage":"en-US","potentialAction":[{"@type":"ReadAction","target":["https:\/\/tscorporationgroup.com\/philosophie\/"]}]},{"@type":"BreadcrumbList","@id":"https:\/\/tscorporationgroup.com\/philosophie\/#breadcrumb","itemListElement":[{"@type":"ListItem","position":1,"name":"Accueil","item":"https:\/\/tscorporationgroup.com\/"},{"@type":"ListItem","position":2,"name":"Philosophie"}]}]}},"_links":{"self":[{"href":"https:\/\/tscorporationgroup.com\/en\/wp-json\/wp\/v2\/pages\/636","targetHints":{"allow":["GET"]}}],"collection":[{"href":"https:\/\/tscorporationgroup.com\/en\/wp-json\/wp\/v2\/pages"}],"about":[{"href":"https:\/\/tscorporationgroup.com\/en\/wp-json\/wp\/v2\/types\/page"}],"author":[{"embeddable":true,"href":"https:\/\/tscorporationgroup.com\/en\/wp-json\/wp\/v2\/users\/1"}],"replies":[{"embeddable":true,"href":"https:\/\/tscorporationgroup.com\/en\/wp-json\/wp\/v2\/comments?post=636"}],"version-history":[{"count":88,"href":"https:\/\/tscorporationgroup.com\/en\/wp-json\/wp\/v2\/pages\/636\/revisions"}],"predecessor-version":[{"id":2038,"href":"https:\/\/tscorporationgroup.com\/en\/wp-json\/wp\/v2\/pages\/636\/revisions\/2038"}],"wp:attachment":[{"href":"https:\/\/tscorporationgroup.com\/en\/wp-json\/wp\/v2\/media?parent=636"}],"curies":[{"name":"wp","href":"https:\/\/api.w.org\/{rel}","templated":true}]}}